{"id":319,"date":"2020-10-07T23:43:36","date_gmt":"2020-10-08T04:43:36","guid":{"rendered":"https:\/\/floreshoy.co\/?page_id=319"},"modified":"2023-11-27T10:22:48","modified_gmt":"2023-11-27T15:22:48","slug":"tipos-de-arreglos-florales","status":"publish","type":"page","link":"https:\/\/www.floresparacolombia.com\/blog\/tipos-de-arreglos-florales\/","title":{"rendered":"Tipos de Arreglos Florales"},"content":{"rendered":"<div id=\"ez-toc-container\" class=\"ez-toc-v2_0_58 counter-hierarchy ez-toc-counter ez-toc-grey ez-toc-container-direction\">\n<div class=\"ez-toc-title-container\">\n<p class=\"ez-toc-title \" >Tabla de Contenido<\/p>\n<span class=\"ez-toc-title-toggle\"><a href=\"#\" class=\"ez-toc-pull-right ez-toc-btn ez-toc-btn-xs ez-toc-btn-default ez-toc-toggle\" aria-label=\"Toggle Table of Content\" role=\"button\"><label for=\"item-6a05eab96592b\" ><span class=\"\"><span class=\"eztoc-hide\" style=\"display:none;\">Toggle<\/span><span class=\"ez-toc-icon-toggle-span\"><svg style=\"fill: #999;color:#999\" xmlns=\"http:\/\/www.w3.org\/2000\/svg\" class=\"list-377408\" width=\"20px\" height=\"20px\" viewBox=\"0 0 24 24\" fill=\"none\"><path d=\"M6 6H4v2h2V6zm14 0H8v2h12V6zM4 11h2v2H4v-2zm16 0H8v2h12v-2zM4 16h2v2H4v-2zm16 0H8v2h12v-2z\" fill=\"currentColor\"><\/path><\/svg><svg style=\"fill: #999;color:#999\" class=\"arrow-unsorted-368013\" xmlns=\"http:\/\/www.w3.org\/2000\/svg\" width=\"10px\" height=\"10px\" viewBox=\"0 0 24 24\" version=\"1.2\" baseProfile=\"tiny\"><path d=\"M18.2 9.3l-6.2-6.3-6.2 6.3c-.2.2-.3.4-.3.7s.1.5.3.7c.2.2.4.3.7.3h11c.3 0 .5-.1.7-.3.2-.2.3-.5.3-.7s-.1-.5-.3-.7zM5.8 14.7l6.2 6.3 6.2-6.3c.2-.2.3-.5.3-.7s-.1-.5-.3-.7c-.2-.2-.4-.3-.7-.3h-11c-.3 0-.5.1-.7.3-.2.2-.3.5-.3.7s.1.5.3.7z\"\/><\/svg><\/span><\/span><\/label><input aria-label=\"Toggle\" aria-label=\"item-6a05eab96592b\"  type=\"checkbox\" id=\"item-6a05eab96592b\"><\/a><\/span><\/div>\n<nav><ul class='ez-toc-list ez-toc-list-level-1 ' ><li class='ez-toc-page-1 ez-toc-heading-level-2'><a class=\"ez-toc-link ez-toc-heading-1\" href=\"https:\/\/www.floresparacolombia.com\/blog\/tipos-de-arreglos-florales\/#Los_primeros_arreglos_florales_en_funerales_antiguos\" title=\"Los primeros arreglos florales en funerales antiguos\">Los primeros arreglos florales en funerales antiguos<\/a><\/li><li class='ez-toc-page-1 ez-toc-heading-level-2'><a class=\"ez-toc-link ez-toc-heading-2\" href=\"https:\/\/www.floresparacolombia.com\/blog\/tipos-de-arreglos-florales\/#Clases_mas_comunes_de_arreglos_florales_naturales\" title=\"Clases m\u00e1s comunes de arreglos florales naturales\">Clases m\u00e1s comunes de arreglos florales naturales<\/a><ul class='ez-toc-list-level-3'><li class='ez-toc-heading-level-3'><a class=\"ez-toc-link ez-toc-heading-3\" href=\"https:\/\/www.floresparacolombia.com\/blog\/tipos-de-arreglos-florales\/#Detalles_florales_en_cajas\" title=\"Detalles florales en cajas\">Detalles florales en cajas<\/a><\/li><li class='ez-toc-page-1 ez-toc-heading-level-3'><a class=\"ez-toc-link ez-toc-heading-4\" href=\"https:\/\/www.floresparacolombia.com\/blog\/tipos-de-arreglos-florales\/#Detalles_florales_en_ramilletes\" title=\"Detalles florales en ramilletes\">Detalles florales en ramilletes<\/a><\/li><li class='ez-toc-page-1 ez-toc-heading-level-3'><a class=\"ez-toc-link ez-toc-heading-5\" href=\"https:\/\/www.floresparacolombia.com\/blog\/tipos-de-arreglos-florales\/#Detalles_florales_en_floreros\" title=\"Detalles florales en floreros\">Detalles florales en floreros<\/a><\/li><li class='ez-toc-page-1 ez-toc-heading-level-3'><a class=\"ez-toc-link ez-toc-heading-6\" href=\"https:\/\/www.floresparacolombia.com\/blog\/tipos-de-arreglos-florales\/#Detalles_florales_en_base_de_madera\" title=\"Detalles florales en base de madera\">Detalles florales en base de madera<\/a><\/li><\/ul><\/li><\/ul><\/nav><\/div>\n\n<div class=\"wp-block-columns is-layout-flex wp-container-core-columns-is-layout-9d6595d7 wp-block-columns-is-layout-flex\">\n<div class=\"wp-block-column is-layout-flow wp-block-column-is-layout-flow\">\n<figure class=\"wp-block-image size-large\"><a href=\"\/blog\/tipos-arreglos-florales\/cajas\/\"><img decoding=\"async\" src=\"https:\/\/storage.googleapis.com\/fpc_fotos_cdn\/fotos2\/88-12\/1_w800_q80.webp\" alt=\"arreglos florales en cajas\"\/><\/a><figcaption><a href=\"\/blog\/tipos-arreglos-florales\/cajas\/\">En cajas<\/a><\/figcaption><\/figure>\n\n\n\n<figure class=\"wp-block-image size-large\"><a href=\"\/blog\/tipos-arreglos-florales\/floreros\/\"><img decoding=\"async\" src=\"https:\/\/storage.googleapis.com\/fpc_fotos_cdn\/fotos2\/97\/1_w800_q80.webp\" alt=\"arreglos florales en floreros\"\/><\/a><figcaption><a href=\"\/blog\/tipos-arreglos-florales\/floreros\/\">En floreros<\/a><\/figcaption><\/figure>\n<\/div>\n\n\n\n<div class=\"wp-block-column is-layout-flow wp-block-column-is-layout-flow\">\n<figure class=\"wp-block-image size-large\"><a href=\"\/blog\/tipos-arreglos-florales\/ramilletes\/\"><img decoding=\"async\" src=\"https:\/\/storage.googleapis.com\/fpc_fotos_cdn\/fotos2\/79-12\/1_w800_q80.webp\" alt=\"arreglos florales en ramilletes\"\/><\/a><figcaption> <a href=\"\/blog\/tipos-arreglos-florales\/ramilletes\/\">Ramilletes<\/a><\/figcaption><\/figure>\n\n\n\n<figure class=\"wp-block-image size-large\"><a href=\"\/blog\/tipos-arreglos-florales\/bases-de-madera\/\"><img decoding=\"async\" src=\"https:\/\/storage.googleapis.com\/fpc_fotos_cdn\/fotos2\/132\/1_w800_q80.webp\" alt=\"arreglos florales en bases de madera\"\/><\/a><figcaption><a href=\"\/blog\/tipos-arreglos-florales\/bases-de-madera\/\">Bases de madera<\/a><\/figcaption><\/figure>\n<\/div>\n<\/div>\n\n\n\n<p>Los tipos de <a href=\"https:\/\/www.floresparacolombia.com\/\">arreglos florales<\/a> pueden variar en infinidad de formas, colores, tem\u00e1ticas y ocasiones en las que son regalados. El arte de los diferentes arreglos florales es supremamente antiguo y es muy valorado en las culturas asi\u00e1ticas. Incluso en Jap\u00f3n este arte tiene nombre propio y es conocido como Ikebana.<\/p>\n\n\n\n<h2 class=\"wp-block-heading\"><span class=\"ez-toc-section\" id=\"Los_primeros_arreglos_florales_en_funerales_antiguos\"><\/span>Los primeros arreglos florales en funerales antiguos<span class=\"ez-toc-section-end\"><\/span><\/h2>\n\n\n\n<p>El arte floral se remonta a tiempos remotos donde fueron encontradas muestras f\u00f3siles de flores en tumbas muy antiguas. Durante mucho tiempo se pens\u00f3 que las flores pose\u00edan poderes m\u00e1gicos y se relacionaban con los dioses utiliz\u00e1ndolas as\u00ed en este tipo de eventos f\u00fanebres.<\/p>\n\n\n\n<p>Solo fue hasta el siglo XVII, durante la \u00e9poca de la reina Victoria de Inglaterra, que se empezaron a utilizar para expresar cualquier tipo de sentimiento y a regalarse todos los tipos de arreglos florales en eventos sociales. All\u00ed nace una simbolog\u00eda permanente en el acto de <a href=\"\/blog\/ocasiones-para-regalar-flores\/\">regalar flores<\/a>, desde el modo en que se entregaban estas hasta los materiales utilizados para acompa\u00f1arlas comenzaron a crear todo un lenguaje llamado floriograf\u00eda.<\/p>\n\n\n\n<h2 class=\"wp-block-heading\"><span class=\"ez-toc-section\" id=\"Clases_mas_comunes_de_arreglos_florales_naturales\"><\/span>Clases m\u00e1s comunes de arreglos florales naturales<span class=\"ez-toc-section-end\"><\/span><\/h2>\n\n\n\n<p>A pesar de que en la cultura occidental sea considerada como un arte menor para nosotros el arte floral trasciende la vida humana y <a href=\"https:\/\/www.mardeflores.com\/blog\/tipos-de-arreglos-florales\/\">est\u00e1 al nivel de cualquier otro arte.<\/a> A continuaci\u00f3n, veremos arreglos florales com\u00fanmente utilizados para regalar a los seres que amas.<\/p>\n\n\n\n<h3 class=\"wp-block-heading\"><span class=\"ez-toc-section\" id=\"Detalles_florales_en_cajas\"><\/span>Detalles florales en cajas<span class=\"ez-toc-section-end\"><\/span><\/h3>\n\n\n\n<figure class=\"wp-block-image size-large\"><img decoding=\"async\" src=\"https:\/\/storage.googleapis.com\/fpc_fotos_cdn\/fotos2\/359\/1_w800_q80.webp\" alt=\"tipos de arreglos florales\"\/><figcaption>Dulce delirio<\/figcaption><\/figure>\n\n\n\n<p>Las cajas brindan una protecci\u00f3n a las flores generando tambi\u00e9n un sentimiento de cuidado y seguridad para quien recibe el arreglo floral. Ese mensaje impl\u00edcito en este tipo de arreglo muestra tu disposici\u00f3n de proteger y resguardar a esa persona y el amor que tienes por ella.<\/p>\n\n\n\n<h3 class=\"wp-block-heading\"><span class=\"ez-toc-section\" id=\"Detalles_florales_en_ramilletes\"><\/span>Detalles florales en ramilletes<span class=\"ez-toc-section-end\"><\/span><\/h3>\n\n\n\n<figure class=\"wp-block-image size-large\"><img decoding=\"async\" src=\"https:\/\/storage.googleapis.com\/fpc_fotos_cdn\/fotos2\/550\/1_w800_q80.webp\" alt=\"rosadas\"\/><figcaption>Besos rosados<\/figcaption><\/figure>\n\n\n\n<p>Los ramilletes son representativos y hermosos, suelen llevar un mensaje de respaldo y apoyo incondicional a esa persona que amas. Su disposici\u00f3n tambi\u00e9n muestra una bella simetr\u00eda que refleja la belleza de ese coraz\u00f3n que posee la persona a la que le das ese gran detalle.<\/p>\n\n\n\n<h3 class=\"wp-block-heading\"><span class=\"ez-toc-section\" id=\"Detalles_florales_en_floreros\"><\/span>Detalles florales en floreros<span class=\"ez-toc-section-end\"><\/span><\/h3>\n\n\n\n<figure class=\"wp-block-image size-large\"><img decoding=\"async\" src=\"https:\/\/storage.googleapis.com\/fpc_fotos_cdn\/fotos2\/93-12\/1_w800_q80.webp\" alt=\"flores\"\/><figcaption>Derroche de color<\/figcaption><\/figure>\n\n\n\n<p>Si regalas un arreglo floral con un hermoso florero incluido, adem\u00e1s de demostrar tu elegancia y buen gusto, tambi\u00e9n env\u00eda un mensaje de deseos de longevidad en la vida de esa persona. Posee un significado que hace referencia a tus deseos de que la vida de esa persona perdure por siempre.<\/p>\n\n\n\n<h3 class=\"wp-block-heading\"><span class=\"ez-toc-section\" id=\"Detalles_florales_en_base_de_madera\"><\/span>Detalles florales en base de madera<span class=\"ez-toc-section-end\"><\/span><\/h3>\n\n\n\n<figure class=\"wp-block-image size-large\"><img decoding=\"async\" src=\"https:\/\/storage.googleapis.com\/fpc_fotos_cdn\/fotos2\/92-72\/1_w800_q80.webp\" alt=\"ramillete enorme\"\/><figcaption>Amor total<\/figcaption><\/figure>\n\n\n\n<p>Un arreglo floral con una base de madera demuestra que la relaci\u00f3n que posees con esa persona tiene fundamentos fuertes y duraderos. Est\u00e1s mostrando que dif\u00edcilmente esos sentimientos que tienes por esa persona se van a perder.<\/p>\n<!-- AddThis Advanced Settings generic via filter on the_content --><!-- AddThis Share Buttons generic via filter on the_content -->","protected":false},"excerpt":{"rendered":"<p>Los tipos de arreglos florales pueden variar en infinidad de formas, colores, tem\u00e1ticas y ocasiones en las que son regalados. El arte de los diferentes arreglos florales es supremamente antiguo y es muy valorado en las culturas asi\u00e1ticas. Incluso en Jap\u00f3n este arte tiene nombre propio y es conocido como Ikebana. Los primeros arreglos florales &hellip; <a href=\"https:\/\/www.floresparacolombia.com\/blog\/tipos-de-arreglos-florales\/\" class=\"more-link\">Sigue leyendo <span class=\"screen-reader-text\">Tipos de Arreglos Florales<\/span><\/a><!-- AddThis Advanced Settings generic via filter on get_the_excerpt --><!-- AddThis Share Buttons generic via filter on get_the_excerpt --><\/p>\n","protected":false},"author":1,"featured_media":1030,"parent":0,"menu_order":0,"comment_status":"closed","ping_status":"closed","template":"","meta":{"footnotes":""},"class_list":["post-319","page","type-page","status-publish","has-post-thumbnail","hentry"],"yoast_head":"<!-- This site is optimized with the Yoast SEO plugin v19.4 - https:\/\/yoast.com\/wordpress\/plugins\/seo\/ -->\n<title>Tipos de arreglos florales con diferentes formas y colores \u2705<\/title>\n<meta name=\"description\" content=\"Magn\u00edficos arreglos florales con los principales tipos y los materiales m\u00e1s utilizados para acompa\u00f1arlos a la hora de regalar \u2705\" \/>\n<meta name=\"robots\" content=\"index, follow, max-snippet:-1, max-image-preview:large, max-video-preview:-1\" \/>\n<link rel=\"canonical\" href=\"https:\/\/www.floresparacolombia.com\/blog\/tipos-de-arreglos-florales\/\" \/>\n<meta property=\"og:locale\" content=\"es_ES\" \/>\n<meta property=\"og:type\" content=\"article\" \/>\n<meta property=\"og:title\" content=\"Tipos de arreglos florales con diferentes formas y colores \u2705\" \/>\n<meta property=\"og:description\" content=\"Magn\u00edficos arreglos florales con los principales tipos y los materiales m\u00e1s utilizados para acompa\u00f1arlos a la hora de regalar \u2705\" \/>\n<meta property=\"og:url\" content=\"https:\/\/www.floresparacolombia.com\/blog\/tipos-de-arreglos-florales\/\" \/>\n<meta property=\"og:site_name\" content=\"Blog\" \/>\n<meta property=\"article:publisher\" content=\"https:\/\/www.facebook.com\/FloresparaColombia\/\" \/>\n<meta property=\"article:modified_time\" content=\"2023-11-27T15:22:48+00:00\" \/>\n<meta property=\"og:image\" content=\"https:\/\/floreshoy.co\/wp-content\/uploads\/2023\/06\/Diseno-sin-titulo-2023-06-22T123742.002-1.png\" \/>\n\t<meta property=\"og:image:width\" content=\"1080\" \/>\n\t<meta property=\"og:image:height\" content=\"720\" \/>\n\t<meta property=\"og:image:type\" content=\"image\/png\" \/>\n<meta name=\"twitter:card\" content=\"summary_large_image\" \/>\n<meta name=\"twitter:site\" content=\"@florescolombia\" \/>\n<meta name=\"twitter:label1\" content=\"Tiempo estimado de lectura\" \/>\n\t<meta name=\"twitter:data1\" content=\"4 minutos\" \/>\n<script type=\"application\/ld+json\" class=\"yoast-schema-graph\">{\"@context\":\"https:\/\/schema.org\",\"@graph\":[{\"@type\":\"Organization\",\"@id\":\"https:\/\/www.floresparacolombia.com\/blog\/#organization\",\"name\":\"Flores Para Colombia S.A.S.\",\"url\":\"https:\/\/www.floresparacolombia.com\/blog\/\",\"sameAs\":[\"https:\/\/www.instagram.com\/floresparacolombia\/\",\"https:\/\/www.youtube.com\/user\/FloresParaColombia1\",\"https:\/\/co.pinterest.com\/florescolombia\/\",\"https:\/\/www.facebook.com\/FloresparaColombia\/\",\"https:\/\/twitter.com\/florescolombia\"],\"logo\":{\"@type\":\"ImageObject\",\"inLanguage\":\"es-CO\",\"@id\":\"https:\/\/www.floresparacolombia.com\/blog\/#\/schema\/logo\/image\/\",\"url\":\"https:\/\/floreshoy.co\/wp-content\/uploads\/2020\/05\/144x144.png\",\"contentUrl\":\"https:\/\/floreshoy.co\/wp-content\/uploads\/2020\/05\/144x144.png\",\"width\":144,\"height\":144,\"caption\":\"Flores Para Colombia S.A.S.\"},\"image\":{\"@id\":\"https:\/\/www.floresparacolombia.com\/blog\/#\/schema\/logo\/image\/\"}},{\"@type\":\"WebSite\",\"@id\":\"https:\/\/www.floresparacolombia.com\/blog\/#website\",\"url\":\"https:\/\/www.floresparacolombia.com\/blog\/\",\"name\":\"Blog\",\"description\":\"FloresParaColombia.com\",\"publisher\":{\"@id\":\"https:\/\/www.floresparacolombia.com\/blog\/#organization\"},\"potentialAction\":[{\"@type\":\"SearchAction\",\"target\":{\"@type\":\"EntryPoint\",\"urlTemplate\":\"https:\/\/www.floresparacolombia.com\/blog\/?s={search_term_string}\"},\"query-input\":\"required name=search_term_string\"}],\"inLanguage\":\"es-CO\"},{\"@type\":\"WebPage\",\"@id\":\"https:\/\/www.floresparacolombia.com\/blog\/tipos-de-arreglos-florales\/\",\"url\":\"https:\/\/www.floresparacolombia.com\/blog\/tipos-de-arreglos-florales\/\",\"name\":\"Tipos de arreglos florales con diferentes formas y colores \u2705\",\"isPartOf\":{\"@id\":\"https:\/\/www.floresparacolombia.com\/blog\/#website\"},\"datePublished\":\"2020-10-08T04:43:36+00:00\",\"dateModified\":\"2023-11-27T15:22:48+00:00\",\"description\":\"Magn\u00edficos arreglos florales con los principales tipos y los materiales m\u00e1s utilizados para acompa\u00f1arlos a la hora de regalar \u2705\",\"breadcrumb\":{\"@id\":\"https:\/\/www.floresparacolombia.com\/blog\/tipos-de-arreglos-florales\/#breadcrumb\"},\"inLanguage\":\"es-CO\",\"potentialAction\":[{\"@type\":\"ReadAction\",\"target\":[\"https:\/\/www.floresparacolombia.com\/blog\/tipos-de-arreglos-florales\/\"]}]},{\"@type\":\"BreadcrumbList\",\"@id\":\"https:\/\/www.floresparacolombia.com\/blog\/tipos-de-arreglos-florales\/#breadcrumb\",\"itemListElement\":[{\"@type\":\"ListItem\",\"position\":1,\"name\":\"Home\",\"item\":\"https:\/\/www.floresparacolombia.com\/blog\/\"},{\"@type\":\"ListItem\",\"position\":2,\"name\":\"Tipos de Arreglos Florales\"}]}]}<\/script>\n<!-- \/ Yoast SEO plugin. -->","yoast_head_json":{"title":"Tipos de arreglos florales con diferentes formas y colores \u2705","description":"Magn\u00edficos arreglos florales con los principales tipos y los materiales m\u00e1s utilizados para acompa\u00f1arlos a la hora de regalar \u2705","robots":{"index":"index","follow":"follow","max-snippet":"max-snippet:-1","max-image-preview":"max-image-preview:large","max-video-preview":"max-video-preview:-1"},"canonical":"https:\/\/www.floresparacolombia.com\/blog\/tipos-de-arreglos-florales\/","og_locale":"es_ES","og_type":"article","og_title":"Tipos de arreglos florales con diferentes formas y colores \u2705","og_description":"Magn\u00edficos arreglos florales con los principales tipos y los materiales m\u00e1s utilizados para acompa\u00f1arlos a la hora de regalar \u2705","og_url":"https:\/\/www.floresparacolombia.com\/blog\/tipos-de-arreglos-florales\/","og_site_name":"Blog","article_publisher":"https:\/\/www.facebook.com\/FloresparaColombia\/","article_modified_time":"2023-11-27T15:22:48+00:00","og_image":[{"width":1080,"height":720,"url":"https:\/\/floreshoy.co\/wp-content\/uploads\/2023\/06\/Diseno-sin-titulo-2023-06-22T123742.002-1.png","type":"image\/png"}],"twitter_card":"summary_large_image","twitter_site":"@florescolombia","twitter_misc":{"Tiempo estimado de lectura":"4 minutos"},"schema":{"@context":"https:\/\/schema.org","@graph":[{"@type":"Organization","@id":"https:\/\/www.floresparacolombia.com\/blog\/#organization","name":"Flores Para Colombia S.A.S.","url":"https:\/\/www.floresparacolombia.com\/blog\/","sameAs":["https:\/\/www.instagram.com\/floresparacolombia\/","https:\/\/www.youtube.com\/user\/FloresParaColombia1","https:\/\/co.pinterest.com\/florescolombia\/","https:\/\/www.facebook.com\/FloresparaColombia\/","https:\/\/twitter.com\/florescolombia"],"logo":{"@type":"ImageObject","inLanguage":"es-CO","@id":"https:\/\/www.floresparacolombia.com\/blog\/#\/schema\/logo\/image\/","url":"https:\/\/floreshoy.co\/wp-content\/uploads\/2020\/05\/144x144.png","contentUrl":"https:\/\/floreshoy.co\/wp-content\/uploads\/2020\/05\/144x144.png","width":144,"height":144,"caption":"Flores Para Colombia S.A.S."},"image":{"@id":"https:\/\/www.floresparacolombia.com\/blog\/#\/schema\/logo\/image\/"}},{"@type":"WebSite","@id":"https:\/\/www.floresparacolombia.com\/blog\/#website","url":"https:\/\/www.floresparacolombia.com\/blog\/","name":"Blog","description":"FloresParaColombia.com","publisher":{"@id":"https:\/\/www.floresparacolombia.com\/blog\/#organization"},"potentialAction":[{"@type":"SearchAction","target":{"@type":"EntryPoint","urlTemplate":"https:\/\/www.floresparacolombia.com\/blog\/?s={search_term_string}"},"query-input":"required name=search_term_string"}],"inLanguage":"es-CO"},{"@type":"WebPage","@id":"https:\/\/www.floresparacolombia.com\/blog\/tipos-de-arreglos-florales\/","url":"https:\/\/www.floresparacolombia.com\/blog\/tipos-de-arreglos-florales\/","name":"Tipos de arreglos florales con diferentes formas y colores \u2705","isPartOf":{"@id":"https:\/\/www.floresparacolombia.com\/blog\/#website"},"datePublished":"2020-10-08T04:43:36+00:00","dateModified":"2023-11-27T15:22:48+00:00","description":"Magn\u00edficos arreglos florales con los principales tipos y los materiales m\u00e1s utilizados para acompa\u00f1arlos a la hora de regalar \u2705","breadcrumb":{"@id":"https:\/\/www.floresparacolombia.com\/blog\/tipos-de-arreglos-florales\/#breadcrumb"},"inLanguage":"es-CO","potentialAction":[{"@type":"ReadAction","target":["https:\/\/www.floresparacolombia.com\/blog\/tipos-de-arreglos-florales\/"]}]},{"@type":"BreadcrumbList","@id":"https:\/\/www.floresparacolombia.com\/blog\/tipos-de-arreglos-florales\/#breadcrumb","itemListElement":[{"@type":"ListItem","position":1,"name":"Home","item":"https:\/\/www.floresparacolombia.com\/blog\/"},{"@type":"ListItem","position":2,"name":"Tipos de Arreglos Florales"}]}]}},"_links":{"self":[{"href":"https:\/\/www.floresparacolombia.com\/blog\/wp-json\/wp\/v2\/pages\/319","targetHints":{"allow":["GET"]}}],"collection":[{"href":"https:\/\/www.floresparacolombia.com\/blog\/wp-json\/wp\/v2\/pages"}],"about":[{"href":"https:\/\/www.floresparacolombia.com\/blog\/wp-json\/wp\/v2\/types\/page"}],"author":[{"embeddable":true,"href":"https:\/\/www.floresparacolombia.com\/blog\/wp-json\/wp\/v2\/users\/1"}],"replies":[{"embeddable":true,"href":"https:\/\/www.floresparacolombia.com\/blog\/wp-json\/wp\/v2\/comments?post=319"}],"version-history":[{"count":5,"href":"https:\/\/www.floresparacolombia.com\/blog\/wp-json\/wp\/v2\/pages\/319\/revisions"}],"predecessor-version":[{"id":1499,"href":"https:\/\/www.floresparacolombia.com\/blog\/wp-json\/wp\/v2\/pages\/319\/revisions\/1499"}],"wp:featuredmedia":[{"embeddable":true,"href":"https:\/\/www.floresparacolombia.com\/blog\/wp-json\/wp\/v2\/media\/1030"}],"wp:attachment":[{"href":"https:\/\/www.floresparacolombia.com\/blog\/wp-json\/wp\/v2\/media?parent=319"}],"curies":[{"name":"wp","href":"https:\/\/api.w.org\/{rel}","templated":true}]}}