{"id":349,"date":"2020-11-02T18:24:59","date_gmt":"2020-11-02T23:24:59","guid":{"rendered":"https:\/\/floreshoy.co\/?page_id=349"},"modified":"2023-11-27T14:21:31","modified_gmt":"2023-11-27T19:21:31","slug":"tipos-destinatario","status":"publish","type":"page","link":"https:\/\/www.floresparacolombia.com\/blog\/tipos-destinatario\/","title":{"rendered":"Tipos de Destinatario"},"content":{"rendered":"<div id=\"ez-toc-container\" class=\"ez-toc-v2_0_58 counter-hierarchy ez-toc-counter ez-toc-grey ez-toc-container-direction\">\n<div class=\"ez-toc-title-container\">\n<p class=\"ez-toc-title \" >Tabla de Contenido<\/p>\n<span class=\"ez-toc-title-toggle\"><a href=\"#\" class=\"ez-toc-pull-right ez-toc-btn ez-toc-btn-xs ez-toc-btn-default ez-toc-toggle\" aria-label=\"Toggle Table of Content\" role=\"button\"><label for=\"item-69fe1c0e17670\" ><span class=\"\"><span class=\"eztoc-hide\" style=\"display:none;\">Toggle<\/span><span class=\"ez-toc-icon-toggle-span\"><svg style=\"fill: #999;color:#999\" xmlns=\"http:\/\/www.w3.org\/2000\/svg\" class=\"list-377408\" width=\"20px\" height=\"20px\" viewBox=\"0 0 24 24\" fill=\"none\"><path d=\"M6 6H4v2h2V6zm14 0H8v2h12V6zM4 11h2v2H4v-2zm16 0H8v2h12v-2zM4 16h2v2H4v-2zm16 0H8v2h12v-2z\" fill=\"currentColor\"><\/path><\/svg><svg style=\"fill: #999;color:#999\" class=\"arrow-unsorted-368013\" xmlns=\"http:\/\/www.w3.org\/2000\/svg\" width=\"10px\" height=\"10px\" viewBox=\"0 0 24 24\" version=\"1.2\" baseProfile=\"tiny\"><path d=\"M18.2 9.3l-6.2-6.3-6.2 6.3c-.2.2-.3.4-.3.7s.1.5.3.7c.2.2.4.3.7.3h11c.3 0 .5-.1.7-.3.2-.2.3-.5.3-.7s-.1-.5-.3-.7zM5.8 14.7l6.2 6.3 6.2-6.3c.2-.2.3-.5.3-.7s-.1-.5-.3-.7c-.2-.2-.4-.3-.7-.3h-11c-.3 0-.5.1-.7.3-.2.2-.3.5-.3.7s.1.5.3.7z\"\/><\/svg><\/span><\/span><\/label><input aria-label=\"Toggle\" aria-label=\"item-69fe1c0e17670\"  type=\"checkbox\" id=\"item-69fe1c0e17670\"><\/a><\/span><\/div>\n<nav><ul class='ez-toc-list ez-toc-list-level-1 ' ><li class='ez-toc-page-1 ez-toc-heading-level-2'><a class=\"ez-toc-link ez-toc-heading-1\" href=\"https:\/\/www.floresparacolombia.com\/blog\/tipos-destinatario\/#Diferentes_tipos_de_destinatario_para_regalar_arreglos_florales\" title=\"Diferentes tipos de destinatario para regalar arreglos florales\">Diferentes tipos de destinatario para regalar arreglos florales<\/a><ul class='ez-toc-list-level-3'><li class='ez-toc-heading-level-3'><a class=\"ez-toc-link ez-toc-heading-2\" href=\"https:\/\/www.floresparacolombia.com\/blog\/tipos-destinatario\/#Mamas_como_destinatarias\" title=\"Mam\u00e1s como destinatarias\">Mam\u00e1s como destinatarias<\/a><\/li><li class='ez-toc-page-1 ez-toc-heading-level-3'><a class=\"ez-toc-link ez-toc-heading-3\" href=\"https:\/\/www.floresparacolombia.com\/blog\/tipos-destinatario\/#Esposas_como_destinatarias\" title=\"Esposas como destinatarias\">Esposas como destinatarias<\/a><\/li><li class='ez-toc-page-1 ez-toc-heading-level-3'><a class=\"ez-toc-link ez-toc-heading-4\" href=\"https:\/\/www.floresparacolombia.com\/blog\/tipos-destinatario\/#Novias_como_destinatarias\" title=\"Novias como destinatarias\">Novias como destinatarias<\/a><\/li><\/ul><\/li><li class='ez-toc-page-1 ez-toc-heading-level-2'><a class=\"ez-toc-link ez-toc-heading-5\" href=\"https:\/\/www.floresparacolombia.com\/blog\/tipos-destinatario\/#Arreglos_florales_mas_comunes_segun_los_tipos_de_destinatario\" title=\"Arreglos florales m\u00e1s comunes seg\u00fan los tipos de destinatario\">Arreglos florales m\u00e1s comunes seg\u00fan los tipos de destinatario<\/a><ul class='ez-toc-list-level-3'><li class='ez-toc-heading-level-3'><a class=\"ez-toc-link ez-toc-heading-6\" href=\"https:\/\/www.floresparacolombia.com\/blog\/tipos-destinatario\/#Mamas_en_tipos_de_destinatario\" title=\"Mam\u00e1s en tipos de destinatario\">Mam\u00e1s en tipos de destinatario<\/a><\/li><li class='ez-toc-page-1 ez-toc-heading-level-3'><a class=\"ez-toc-link ez-toc-heading-7\" href=\"https:\/\/www.floresparacolombia.com\/blog\/tipos-destinatario\/#Esposas\" title=\"Esposas\">Esposas<\/a><\/li><li class='ez-toc-page-1 ez-toc-heading-level-3'><a class=\"ez-toc-link ez-toc-heading-8\" href=\"https:\/\/www.floresparacolombia.com\/blog\/tipos-destinatario\/#Novias\" title=\"Novias\">Novias<\/a><\/li><\/ul><\/li><\/ul><\/nav><\/div>\n\n<div class=\"wp-block-columns is-layout-flex wp-container-core-columns-is-layout-9d6595d7 wp-block-columns-is-layout-flex\">\n<div class=\"wp-block-column is-layout-flow wp-block-column-is-layout-flow\">\n<figure class=\"wp-block-image size-large\"><a href=\"\/blog\/tipos-destinatario\/flores-para-novia\/\"><img decoding=\"async\" src=\"https:\/\/images.pexels.com\/photos\/307791\/pexels-photo-307791.jpeg?auto=compress&amp;cs=tinysrgb&amp;dpr=2&amp;h=650&amp;w=940\" alt=\"flores novia\"\/><\/a><figcaption><a href=\"\/blog\/tipos-destinatario\/flores-para-novia\/\">Novias<\/a><\/figcaption><\/figure>\n<\/div>\n\n\n\n<div class=\"wp-block-column is-layout-flow wp-block-column-is-layout-flow\">\n<figure class=\"wp-block-image size-large\"><a href=\"\/blog\/tipos-destinatario\/flores-para-mama\/\"><img decoding=\"async\" width=\"1024\" height=\"682\" src=\"https:\/\/floreshoy.co\/wp-content\/uploads\/2023\/06\/gg-1024x682.webp\" alt=\"flores madre\" class=\"wp-image-1018\" srcset=\"https:\/\/floreshoy.co\/wp-content\/uploads\/2023\/06\/gg-1024x682.webp 1024w, https:\/\/floreshoy.co\/wp-content\/uploads\/2023\/06\/gg-300x200.webp 300w, https:\/\/floreshoy.co\/wp-content\/uploads\/2023\/06\/gg-768x512.webp 768w, https:\/\/floreshoy.co\/wp-content\/uploads\/2023\/06\/gg-1536x1024.webp 1536w, https:\/\/floreshoy.co\/wp-content\/uploads\/2023\/06\/gg.webp 1880w\" sizes=\"(max-width: 1024px) 100vw, 1024px\" \/><\/a><figcaption><a href=\"\/blog\/destinatario\/flores-para-mama\/\"><\/a><a href=\"\/blog\/tipos-destinatario\/flores-para-mama\/\">Madres<\/a><\/figcaption><\/figure>\n<\/div>\n\n\n\n<div class=\"wp-block-column is-layout-flow wp-block-column-is-layout-flow\">\n<figure class=\"wp-block-image size-large\"><a href=\"\/blog\/tipos-destinatario\/flores-para-esposa\/\"><img decoding=\"async\" src=\"https:\/\/images.pexels.com\/photos\/2892199\/pexels-photo-2892199.jpeg?auto=compress&amp;cs=tinysrgb&amp;dpr=2&amp;h=650&amp;w=940\" alt=\"flores esposa\"\/><\/a><figcaption><a href=\"\/blog\/tipos-destinatario\/flores-para-esposa\/\">Esposas<\/a><\/figcaption><\/figure>\n<\/div>\n<\/div>\n\n\n\n<h2 class=\"wp-block-heading\"><span class=\"ez-toc-section\" id=\"Diferentes_tipos_de_destinatario_para_regalar_arreglos_florales\"><\/span>Diferentes tipos de destinatario para regalar arreglos florales<span class=\"ez-toc-section-end\"><\/span><\/h2>\n\n\n\n<p>Los tipos de destinatario para enviar flores y alegrar sus vidad son diversos, por lo general son personas allegadas a ti. Muchos de ellos son allegados, otros parientes, otros amigos y otros familiares. Entre los destinatarios m\u00e1s regalados se encuentran las madres, las esposas y las novias. Son las mujeres m\u00e1s importantes de las vidas de cada hombre y aunque a los hombres tambi\u00e9n se les regalan flores, es mucho m\u00e1s com\u00fan que se regalen a las mujeres. <\/p>\n\n\n\n<p>Hay muchos tipos de destinatario pero por esta raz\u00f3n nos enfocaremos en las destinatarias femeninas que son las m\u00e1s com\u00fanmente regaladas y engalanadas con hermosos arreglos florales de todos los tipos. <\/p>\n\n\n\n<p>Tambi\u00e9n existen <a href=\"http:\/\/portaljardin.com\/el-lenguaje-de-las-flores\/\">lenguajes olvidados en las flores<\/a> que podr\u00e1s encontrar en este gran sitio de plantas y jardiner\u00eda.<\/p>\n\n\n\n<h3 class=\"wp-block-heading\"><span class=\"ez-toc-section\" id=\"Mamas_como_destinatarias\"><\/span>Mam\u00e1s como destinatarias<span class=\"ez-toc-section-end\"><\/span><\/h3>\n\n\n\n<figure class=\"wp-block-image size-large is-resized\"><img decoding=\"async\" src=\"https:\/\/images.pexels.com\/photos\/3768131\/pexels-photo-3768131.jpeg?auto=compress&amp;cs=tinysrgb&amp;dpr=1&amp;w=500\" alt=\"tipos de destinatario\" width=\"690\" height=\"460\"\/><figcaption>Mam\u00e1 e hija<\/figcaption><\/figure>\n\n\n\n<p>Las madres son los seres m\u00e1s homenajeados en todas las culturas del planeta, Adem\u00e1s de ser progenitoras y creadoras de vida humana son las encargadas del cuidado y la mayor parte de la crianza de los hijos. Son generalmente llamadas al cuidado del hogar y aunque actualmente su rol dentro del n\u00facleo familiar haya cambiado tanto siempre ser\u00e1n quienes lleven en su vientre el fruto del amor.<\/p>\n\n\n\n<h3 class=\"wp-block-heading\"><span class=\"ez-toc-section\" id=\"Esposas_como_destinatarias\"><\/span>Esposas como destinatarias<span class=\"ez-toc-section-end\"><\/span><\/h3>\n\n\n\n<figure class=\"wp-block-image size-large\"><img decoding=\"async\" src=\"https:\/\/images.pexels.com\/photos\/1603884\/pexels-photo-1603884.jpeg?auto=compress&amp;cs=tinysrgb&amp;dpr=2&amp;h=650&amp;w=940\" alt=\"tipos de destinatario\"\/><figcaption>Esposa y esposo<\/figcaption><\/figure>\n\n\n\n<p>Despu\u00e9s de las madres las esposas son de los tipos de destinatario que m\u00e1s <a href=\"https:\/\/www.floresparacolombia.com\/\">regalos florales<\/a> reciben en el planeta ya que en los aniversarios de bodas los ramos para ellas son muy populares, adem\u00e1s de los arreglos florales que reciben en otras fechas especiales. Las esposas reci\u00e9n casadas tambi\u00e9n reciben hermosos ramos en su boda por parte de sus amigos, allegados, parientes y familiares. &nbsp;&nbsp;<\/p>\n\n\n\n<h3 class=\"wp-block-heading\"><span class=\"ez-toc-section\" id=\"Novias_como_destinatarias\"><\/span>Novias como destinatarias<span class=\"ez-toc-section-end\"><\/span><\/h3>\n\n\n\n<figure class=\"wp-block-image size-large\"><img decoding=\"async\" src=\"https:\/\/images.pexels.com\/photos\/5367598\/pexels-photo-5367598.jpeg?auto=compress&amp;cs=tinysrgb&amp;dpr=2&amp;h=650&amp;w=940\" alt=\"tipos de destinatario\"\/><figcaption>Novia y novio<\/figcaption><\/figure>\n\n\n\n<p>Las mujeres que se encuentran en esta etapa de noviazgo y enamoramiento son altamente cortejadas por sus amados. Por tal raz\u00f3n son blanco de hermosos arreglos florales que van desde el m\u00e1s sencillo hasta el m\u00e1s ostentoso ya que un hombre enamorado hace hasta lo imposible para conquistar el coraz\u00f3n de una mujer. Las mujeres que reciben flores en sus noviazgos son m\u00e1s felices y desarrollan un amor m\u00e1s puro y fuerte por esos hombres que fueron caballerosos y detallistas desde el inicio de la relaci\u00f3n.<\/p>\n\n\n\n<h2 class=\"wp-block-heading\"><span class=\"ez-toc-section\" id=\"Arreglos_florales_mas_comunes_segun_los_tipos_de_destinatario\"><\/span>Arreglos florales m\u00e1s comunes seg\u00fan los tipos de destinatario<span class=\"ez-toc-section-end\"><\/span><\/h2>\n\n\n\n<p>A continuaci\u00f3n, veremos los arreglos florales que son m\u00e1s regalados seg\u00fan sea esa mujer a la que van dirigidos:<\/p>\n\n\n\n<h3 class=\"wp-block-heading\"><span class=\"ez-toc-section\" id=\"Mamas_en_tipos_de_destinatario\"><\/span>Mam\u00e1s en tipos de destinatario<span class=\"ez-toc-section-end\"><\/span><\/h3>\n\n\n\n<figure class=\"wp-block-image size-large\"><img decoding=\"async\" src=\"https:\/\/storage.googleapis.com\/fpc_fotos_cdn\/fotos2\/395\/1_w800_q80.webp\" alt=\"ramo con frutas\"\/><figcaption>Mimo a mi mam\u00e1<\/figcaption><\/figure>\n\n\n\n<p>Este hermoso arreglo de 12 <a href=\"\/blog\/rosas\/rojas-significado\/\">rosas rojas<\/a> apostadas en 3 hileras de a 4 rosas y acompa\u00f1adas con unas brillantes, frescas, nutritivas y deliciosas frutas es ideal. Es el regalo perfecto para ese ser que nos dio la vida y nos permiti\u00f3 llegar a este mundo.<\/p>\n\n\n\n<h3 class=\"wp-block-heading\"><span class=\"ez-toc-section\" id=\"Esposas\"><\/span>Esposas<span class=\"ez-toc-section-end\"><\/span><\/h3>\n\n\n\n<figure class=\"wp-block-image size-large\"><img decoding=\"async\" src=\"https:\/\/storage.googleapis.com\/fpc_fotos_cdn\/fotos2\/79-12\/1_w800_q80.webp\" alt=\"ramillete de rosas\"\/><figcaption>Ramillete rosas pasi\u00f3n<\/figcaption><\/figure>\n\n\n\n<p>Este ramillete de flores es la sensaci\u00f3n ya que su acogida es impresionante. Es ideal para cualquier ocasi\u00f3n especial en la vida de ese ser amado que comparte nuestra existencia. Tambi\u00e9n es estupendo para regalar sin alguna aparente fecha especial, causando as\u00ed mayor impacto y sorpresa.<\/p>\n\n\n\n<h3 class=\"wp-block-heading\"><span class=\"ez-toc-section\" id=\"Novias\"><\/span>Novias<span class=\"ez-toc-section-end\"><\/span><\/h3>\n\n\n\n<figure class=\"wp-block-image size-large\"><img decoding=\"async\" src=\"https:\/\/storage.googleapis.com\/fpc_fotos_cdn\/fotos2\/455\/1_w800_q80.webp\" alt=\"cupido\"\/><figcaption>Me flechaste<\/figcaption><\/figure>\n\n\n\n<p>Si con este arreglo floral no queda absolutamente flechada podr\u00edamos darte otras opciones mucho m\u00e1s impactantes. Pero este arreglo es perfecto para enviar un mensaje conciso. Con este arreglo demostraras que cupido toc\u00f3 la puerta de tu coraz\u00f3n y que haz permitido que ingrese, a\u00f1orando que cupido tambi\u00e9n toque la puerta del coraz\u00f3n de tu amada.<\/p>\n<!-- AddThis Advanced Settings generic via filter on the_content --><!-- AddThis Share Buttons generic via filter on the_content -->","protected":false},"excerpt":{"rendered":"<p>Diferentes tipos de destinatario para regalar arreglos florales Los tipos de destinatario para enviar flores y alegrar sus vidad son diversos, por lo general son personas allegadas a ti. Muchos de ellos son allegados, otros parientes, otros amigos y otros familiares. Entre los destinatarios m\u00e1s regalados se encuentran las madres, las esposas y las novias. &hellip; <a href=\"https:\/\/www.floresparacolombia.com\/blog\/tipos-destinatario\/\" class=\"more-link\">Sigue leyendo <span class=\"screen-reader-text\">Tipos de Destinatario<\/span><\/a><!-- AddThis Advanced Settings generic via filter on get_the_excerpt --><!-- AddThis Share Buttons generic via filter on get_the_excerpt --><\/p>\n","protected":false},"author":1,"featured_media":1016,"parent":0,"menu_order":0,"comment_status":"closed","ping_status":"closed","template":"","meta":{"footnotes":""},"class_list":["post-349","page","type-page","status-publish","has-post-thumbnail","hentry"],"yoast_head":"<!-- This site is optimized with the Yoast SEO plugin v19.4 - https:\/\/yoast.com\/wordpress\/plugins\/seo\/ -->\n<title>Tipos de destinatario para regalar flores hoy. \u2705<\/title>\n<meta name=\"description\" content=\"Arreglos florales seg\u00fan los tipos de destinatario a los que est\u00e1n dirijidos. Arreglos desde los m\u00e1s comunes hasta los m\u00e1s ostentosos \u2705\" \/>\n<meta name=\"robots\" content=\"index, follow, max-snippet:-1, max-image-preview:large, max-video-preview:-1\" \/>\n<link rel=\"canonical\" href=\"https:\/\/www.floresparacolombia.com\/blog\/tipos-destinatario\/\" \/>\n<meta property=\"og:locale\" content=\"es_ES\" \/>\n<meta property=\"og:type\" content=\"article\" \/>\n<meta property=\"og:title\" content=\"Tipos de destinatario para regalar flores hoy. \u2705\" \/>\n<meta property=\"og:description\" content=\"Arreglos florales seg\u00fan los tipos de destinatario a los que est\u00e1n dirijidos. Arreglos desde los m\u00e1s comunes hasta los m\u00e1s ostentosos \u2705\" \/>\n<meta property=\"og:url\" content=\"https:\/\/www.floresparacolombia.com\/blog\/tipos-destinatario\/\" \/>\n<meta property=\"og:site_name\" content=\"Blog\" \/>\n<meta property=\"article:publisher\" content=\"https:\/\/www.facebook.com\/FloresparaColombia\/\" \/>\n<meta property=\"article:modified_time\" content=\"2023-11-27T19:21:31+00:00\" \/>\n<meta property=\"og:image\" content=\"https:\/\/floreshoy.co\/wp-content\/uploads\/2023\/06\/Diseno_sin_titulo_-_2023-06-22T113617.818-removebg-preview.jpg\" \/>\n\t<meta property=\"og:image:width\" content=\"2500\" \/>\n\t<meta property=\"og:image:height\" content=\"1660\" \/>\n\t<meta property=\"og:image:type\" content=\"image\/jpeg\" \/>\n<meta name=\"twitter:card\" content=\"summary_large_image\" \/>\n<meta name=\"twitter:site\" content=\"@florescolombia\" \/>\n<meta name=\"twitter:label1\" content=\"Tiempo estimado de lectura\" \/>\n\t<meta name=\"twitter:data1\" content=\"5 minutos\" \/>\n<script type=\"application\/ld+json\" class=\"yoast-schema-graph\">{\"@context\":\"https:\/\/schema.org\",\"@graph\":[{\"@type\":\"Organization\",\"@id\":\"https:\/\/www.floresparacolombia.com\/blog\/#organization\",\"name\":\"Flores Para Colombia S.A.S.\",\"url\":\"https:\/\/www.floresparacolombia.com\/blog\/\",\"sameAs\":[\"https:\/\/www.instagram.com\/floresparacolombia\/\",\"https:\/\/www.youtube.com\/user\/FloresParaColombia1\",\"https:\/\/co.pinterest.com\/florescolombia\/\",\"https:\/\/www.facebook.com\/FloresparaColombia\/\",\"https:\/\/twitter.com\/florescolombia\"],\"logo\":{\"@type\":\"ImageObject\",\"inLanguage\":\"es-CO\",\"@id\":\"https:\/\/www.floresparacolombia.com\/blog\/#\/schema\/logo\/image\/\",\"url\":\"https:\/\/floreshoy.co\/wp-content\/uploads\/2020\/05\/144x144.png\",\"contentUrl\":\"https:\/\/floreshoy.co\/wp-content\/uploads\/2020\/05\/144x144.png\",\"width\":144,\"height\":144,\"caption\":\"Flores Para Colombia S.A.S.\"},\"image\":{\"@id\":\"https:\/\/www.floresparacolombia.com\/blog\/#\/schema\/logo\/image\/\"}},{\"@type\":\"WebSite\",\"@id\":\"https:\/\/www.floresparacolombia.com\/blog\/#website\",\"url\":\"https:\/\/www.floresparacolombia.com\/blog\/\",\"name\":\"Blog\",\"description\":\"FloresParaColombia.com\",\"publisher\":{\"@id\":\"https:\/\/www.floresparacolombia.com\/blog\/#organization\"},\"potentialAction\":[{\"@type\":\"SearchAction\",\"target\":{\"@type\":\"EntryPoint\",\"urlTemplate\":\"https:\/\/www.floresparacolombia.com\/blog\/?s={search_term_string}\"},\"query-input\":\"required name=search_term_string\"}],\"inLanguage\":\"es-CO\"},{\"@type\":\"WebPage\",\"@id\":\"https:\/\/www.floresparacolombia.com\/blog\/tipos-destinatario\/\",\"url\":\"https:\/\/www.floresparacolombia.com\/blog\/tipos-destinatario\/\",\"name\":\"Tipos de destinatario para regalar flores hoy. \u2705\",\"isPartOf\":{\"@id\":\"https:\/\/www.floresparacolombia.com\/blog\/#website\"},\"datePublished\":\"2020-11-02T23:24:59+00:00\",\"dateModified\":\"2023-11-27T19:21:31+00:00\",\"description\":\"Arreglos florales seg\u00fan los tipos de destinatario a los que est\u00e1n dirijidos. Arreglos desde los m\u00e1s comunes hasta los m\u00e1s ostentosos \u2705\",\"breadcrumb\":{\"@id\":\"https:\/\/www.floresparacolombia.com\/blog\/tipos-destinatario\/#breadcrumb\"},\"inLanguage\":\"es-CO\",\"potentialAction\":[{\"@type\":\"ReadAction\",\"target\":[\"https:\/\/www.floresparacolombia.com\/blog\/tipos-destinatario\/\"]}]},{\"@type\":\"BreadcrumbList\",\"@id\":\"https:\/\/www.floresparacolombia.com\/blog\/tipos-destinatario\/#breadcrumb\",\"itemListElement\":[{\"@type\":\"ListItem\",\"position\":1,\"name\":\"Home\",\"item\":\"https:\/\/www.floresparacolombia.com\/blog\/\"},{\"@type\":\"ListItem\",\"position\":2,\"name\":\"Tipos de Destinatario\"}]}]}<\/script>\n<!-- \/ Yoast SEO plugin. -->","yoast_head_json":{"title":"Tipos de destinatario para regalar flores hoy. \u2705","description":"Arreglos florales seg\u00fan los tipos de destinatario a los que est\u00e1n dirijidos. Arreglos desde los m\u00e1s comunes hasta los m\u00e1s ostentosos \u2705","robots":{"index":"index","follow":"follow","max-snippet":"max-snippet:-1","max-image-preview":"max-image-preview:large","max-video-preview":"max-video-preview:-1"},"canonical":"https:\/\/www.floresparacolombia.com\/blog\/tipos-destinatario\/","og_locale":"es_ES","og_type":"article","og_title":"Tipos de destinatario para regalar flores hoy. \u2705","og_description":"Arreglos florales seg\u00fan los tipos de destinatario a los que est\u00e1n dirijidos. Arreglos desde los m\u00e1s comunes hasta los m\u00e1s ostentosos \u2705","og_url":"https:\/\/www.floresparacolombia.com\/blog\/tipos-destinatario\/","og_site_name":"Blog","article_publisher":"https:\/\/www.facebook.com\/FloresparaColombia\/","article_modified_time":"2023-11-27T19:21:31+00:00","og_image":[{"width":2500,"height":1660,"url":"https:\/\/floreshoy.co\/wp-content\/uploads\/2023\/06\/Diseno_sin_titulo_-_2023-06-22T113617.818-removebg-preview.jpg","type":"image\/jpeg"}],"twitter_card":"summary_large_image","twitter_site":"@florescolombia","twitter_misc":{"Tiempo estimado de lectura":"5 minutos"},"schema":{"@context":"https:\/\/schema.org","@graph":[{"@type":"Organization","@id":"https:\/\/www.floresparacolombia.com\/blog\/#organization","name":"Flores Para Colombia S.A.S.","url":"https:\/\/www.floresparacolombia.com\/blog\/","sameAs":["https:\/\/www.instagram.com\/floresparacolombia\/","https:\/\/www.youtube.com\/user\/FloresParaColombia1","https:\/\/co.pinterest.com\/florescolombia\/","https:\/\/www.facebook.com\/FloresparaColombia\/","https:\/\/twitter.com\/florescolombia"],"logo":{"@type":"ImageObject","inLanguage":"es-CO","@id":"https:\/\/www.floresparacolombia.com\/blog\/#\/schema\/logo\/image\/","url":"https:\/\/floreshoy.co\/wp-content\/uploads\/2020\/05\/144x144.png","contentUrl":"https:\/\/floreshoy.co\/wp-content\/uploads\/2020\/05\/144x144.png","width":144,"height":144,"caption":"Flores Para Colombia S.A.S."},"image":{"@id":"https:\/\/www.floresparacolombia.com\/blog\/#\/schema\/logo\/image\/"}},{"@type":"WebSite","@id":"https:\/\/www.floresparacolombia.com\/blog\/#website","url":"https:\/\/www.floresparacolombia.com\/blog\/","name":"Blog","description":"FloresParaColombia.com","publisher":{"@id":"https:\/\/www.floresparacolombia.com\/blog\/#organization"},"potentialAction":[{"@type":"SearchAction","target":{"@type":"EntryPoint","urlTemplate":"https:\/\/www.floresparacolombia.com\/blog\/?s={search_term_string}"},"query-input":"required name=search_term_string"}],"inLanguage":"es-CO"},{"@type":"WebPage","@id":"https:\/\/www.floresparacolombia.com\/blog\/tipos-destinatario\/","url":"https:\/\/www.floresparacolombia.com\/blog\/tipos-destinatario\/","name":"Tipos de destinatario para regalar flores hoy. \u2705","isPartOf":{"@id":"https:\/\/www.floresparacolombia.com\/blog\/#website"},"datePublished":"2020-11-02T23:24:59+00:00","dateModified":"2023-11-27T19:21:31+00:00","description":"Arreglos florales seg\u00fan los tipos de destinatario a los que est\u00e1n dirijidos. Arreglos desde los m\u00e1s comunes hasta los m\u00e1s ostentosos \u2705","breadcrumb":{"@id":"https:\/\/www.floresparacolombia.com\/blog\/tipos-destinatario\/#breadcrumb"},"inLanguage":"es-CO","potentialAction":[{"@type":"ReadAction","target":["https:\/\/www.floresparacolombia.com\/blog\/tipos-destinatario\/"]}]},{"@type":"BreadcrumbList","@id":"https:\/\/www.floresparacolombia.com\/blog\/tipos-destinatario\/#breadcrumb","itemListElement":[{"@type":"ListItem","position":1,"name":"Home","item":"https:\/\/www.floresparacolombia.com\/blog\/"},{"@type":"ListItem","position":2,"name":"Tipos de Destinatario"}]}]}},"_links":{"self":[{"href":"https:\/\/www.floresparacolombia.com\/blog\/wp-json\/wp\/v2\/pages\/349","targetHints":{"allow":["GET"]}}],"collection":[{"href":"https:\/\/www.floresparacolombia.com\/blog\/wp-json\/wp\/v2\/pages"}],"about":[{"href":"https:\/\/www.floresparacolombia.com\/blog\/wp-json\/wp\/v2\/types\/page"}],"author":[{"embeddable":true,"href":"https:\/\/www.floresparacolombia.com\/blog\/wp-json\/wp\/v2\/users\/1"}],"replies":[{"embeddable":true,"href":"https:\/\/www.floresparacolombia.com\/blog\/wp-json\/wp\/v2\/comments?post=349"}],"version-history":[{"count":5,"href":"https:\/\/www.floresparacolombia.com\/blog\/wp-json\/wp\/v2\/pages\/349\/revisions"}],"predecessor-version":[{"id":1510,"href":"https:\/\/www.floresparacolombia.com\/blog\/wp-json\/wp\/v2\/pages\/349\/revisions\/1510"}],"wp:featuredmedia":[{"embeddable":true,"href":"https:\/\/www.floresparacolombia.com\/blog\/wp-json\/wp\/v2\/media\/1016"}],"wp:attachment":[{"href":"https:\/\/www.floresparacolombia.com\/blog\/wp-json\/wp\/v2\/media?parent=349"}],"curies":[{"name":"wp","href":"https:\/\/api.w.org\/{rel}","templated":true}]}}